{"id":22,"date":"2020-07-07T11:46:47","date_gmt":"2020-07-07T10:46:47","guid":{"rendered":"http:\/\/localhost:8888\/?page_id=22"},"modified":"2024-04-18T02:19:19","modified_gmt":"2024-04-18T01:19:19","slug":"depositos","status":"publish","type":"page","link":"https:\/\/www.vieirinox.pt\/pt-pt\/depositos\/","title":{"rendered":"Dep\u00f3sitos"},"content":{"rendered":"<p><!-- Hotjar Tracking Code for www.vieirinox.pt --><br \/>\n<script>\n    (function(h,o,t,j,a,r){\n        h.hj=h.hj||function(){(h.hj.q=h.hj.q||[]).push(arguments)};\n        h._hjSettings={hjid:2277318,hjsv:6};\n        a=o.getElementsByTagName('head')[0];\n        r=o.createElement('script');r.async=1;\n        r.src=t+h._hjSettings.hjid+j+h._hjSettings.hjsv;\n        a.appendChild(r);\n    })(window,document,'https:\/\/static.hotjar.com\/c\/hotjar-','.js?sv=');\n<\/script><\/p>\n","protected":false},"excerpt":{"rendered":"","protected":false},"author":1,"featured_media":0,"parent":0,"menu_order":0,"comment_status":"closed","ping_status":"closed","template":"page_prod.php","meta":{"_acf_changed":false,"footnotes":""},"class_list":["post-22","page","type-page","status-publish","hentry"],"acf":[],"yoast_head":"<!-- This site is optimized with the Yoast SEO plugin v26.9 - https:\/\/yoast.com\/product\/yoast-seo-wordpress\/ -->\n<title>Dep\u00f3sitos e Cubas Inox para o Sector Agro-alimentar - Vieirinox<\/title>\n<meta name=\"description\" content=\"Produzimos e comercializamos dep\u00f3sitos e cubas em inox para todo o tipo de ind\u00fastria, em especial para as ind\u00fastrias vitivin\u00edcola e ole\u00edcola.\" \/>\n<meta name=\"robots\" content=\"index, follow, max-snippet:-1, max-image-preview:large, max-video-preview:-1\" \/>\n<link rel=\"canonical\" href=\"https:\/\/www.vieirinox.pt\/pt-pt\/depositos\/\" \/>\n<meta property=\"og:locale\" content=\"pt_PT\" \/>\n<meta property=\"og:type\" content=\"article\" \/>\n<meta property=\"og:title\" content=\"Dep\u00f3sitos e Cubas Inox para o Sector Agro-alimentar - Vieirinox\" \/>\n<meta property=\"og:description\" content=\"Produzimos e comercializamos dep\u00f3sitos e cubas em inox para todo o tipo de ind\u00fastria, em especial para as ind\u00fastrias vitivin\u00edcola e ole\u00edcola.\" \/>\n<meta property=\"og:url\" content=\"https:\/\/www.vieirinox.pt\/pt-pt\/depositos\/\" \/>\n<meta property=\"og:site_name\" content=\"Vieirinox\" \/>\n<meta property=\"article:publisher\" content=\"https:\/\/www.facebook.com\/Vieirinox\/\" \/>\n<meta property=\"article:modified_time\" content=\"2024-04-18T01:19:19+00:00\" \/>\n<meta name=\"twitter:card\" content=\"summary_large_image\" \/>\n<meta name=\"twitter:label1\" content=\"Tempo estimado de leitura\" \/>\n\t<meta name=\"twitter:data1\" content=\"1 minuto\" \/>\n<script type=\"application\/ld+json\" class=\"yoast-schema-graph\">{\"@context\":\"https:\/\/schema.org\",\"@graph\":[{\"@type\":\"WebPage\",\"@id\":\"https:\/\/www.vieirinox.pt\/pt-pt\/depositos\/\",\"url\":\"https:\/\/www.vieirinox.pt\/pt-pt\/depositos\/\",\"name\":\"Dep\u00f3sitos e Cubas Inox para o Sector Agro-alimentar - Vieirinox\",\"isPartOf\":{\"@id\":\"https:\/\/www.vieirinox.pt\/pt-pt\/#website\"},\"datePublished\":\"2020-07-07T10:46:47+00:00\",\"dateModified\":\"2024-04-18T01:19:19+00:00\",\"description\":\"Produzimos e comercializamos dep\u00f3sitos e cubas em inox para todo o tipo de ind\u00fastria, em especial para as ind\u00fastrias vitivin\u00edcola e ole\u00edcola.\",\"breadcrumb\":{\"@id\":\"https:\/\/www.vieirinox.pt\/pt-pt\/depositos\/#breadcrumb\"},\"inLanguage\":\"pt-PT\",\"potentialAction\":[{\"@type\":\"ReadAction\",\"target\":[\"https:\/\/www.vieirinox.pt\/pt-pt\/depositos\/\"]}]},{\"@type\":\"BreadcrumbList\",\"@id\":\"https:\/\/www.vieirinox.pt\/pt-pt\/depositos\/#breadcrumb\",\"itemListElement\":[{\"@type\":\"ListItem\",\"position\":1,\"name\":\"Home\",\"item\":\"https:\/\/www.vieirinox.pt\/pt-pt\/\"},{\"@type\":\"ListItem\",\"position\":2,\"name\":\"Dep\u00f3sitos\"}]},{\"@type\":\"WebSite\",\"@id\":\"https:\/\/www.vieirinox.pt\/pt-pt\/#website\",\"url\":\"https:\/\/www.vieirinox.pt\/pt-pt\/\",\"name\":\"Vieirinox\",\"description\":\"\",\"publisher\":{\"@id\":\"https:\/\/www.vieirinox.pt\/pt-pt\/#organization\"},\"potentialAction\":[{\"@type\":\"SearchAction\",\"target\":{\"@type\":\"EntryPoint\",\"urlTemplate\":\"https:\/\/www.vieirinox.pt\/pt-pt\/?s={search_term_string}\"},\"query-input\":{\"@type\":\"PropertyValueSpecification\",\"valueRequired\":true,\"valueName\":\"search_term_string\"}}],\"inLanguage\":\"pt-PT\"},{\"@type\":\"Organization\",\"@id\":\"https:\/\/www.vieirinox.pt\/pt-pt\/#organization\",\"name\":\"Vieirinox\",\"url\":\"https:\/\/www.vieirinox.pt\/pt-pt\/\",\"logo\":{\"@type\":\"ImageObject\",\"inLanguage\":\"pt-PT\",\"@id\":\"https:\/\/www.vieirinox.pt\/pt-pt\/#\/schema\/logo\/image\/\",\"url\":\"https:\/\/www.vieirinox.pt\/wp-content\/uploads\/2024\/09\/logo_vieirinox.png\",\"contentUrl\":\"https:\/\/www.vieirinox.pt\/wp-content\/uploads\/2024\/09\/logo_vieirinox.png\",\"width\":200,\"height\":200,\"caption\":\"Vieirinox\"},\"image\":{\"@id\":\"https:\/\/www.vieirinox.pt\/pt-pt\/#\/schema\/logo\/image\/\"},\"sameAs\":[\"https:\/\/www.facebook.com\/Vieirinox\/\",\"https:\/\/www.instagram.com\/vieirinox.hvf\",\"https:\/\/www.linkedin.com\/company\/vieirinox\",\"https:\/\/www.youtube.com\/@vieirinox4600\"]}]}<\/script>\n<!-- \/ Yoast SEO plugin. -->","yoast_head_json":{"title":"Dep\u00f3sitos e Cubas Inox para o Sector Agro-alimentar - Vieirinox","description":"Produzimos e comercializamos dep\u00f3sitos e cubas em inox para todo o tipo de ind\u00fastria, em especial para as ind\u00fastrias vitivin\u00edcola e ole\u00edcola.","robots":{"index":"index","follow":"follow","max-snippet":"max-snippet:-1","max-image-preview":"max-image-preview:large","max-video-preview":"max-video-preview:-1"},"canonical":"https:\/\/www.vieirinox.pt\/pt-pt\/depositos\/","og_locale":"pt_PT","og_type":"article","og_title":"Dep\u00f3sitos e Cubas Inox para o Sector Agro-alimentar - Vieirinox","og_description":"Produzimos e comercializamos dep\u00f3sitos e cubas em inox para todo o tipo de ind\u00fastria, em especial para as ind\u00fastrias vitivin\u00edcola e ole\u00edcola.","og_url":"https:\/\/www.vieirinox.pt\/pt-pt\/depositos\/","og_site_name":"Vieirinox","article_publisher":"https:\/\/www.facebook.com\/Vieirinox\/","article_modified_time":"2024-04-18T01:19:19+00:00","twitter_card":"summary_large_image","twitter_misc":{"Tempo estimado de leitura":"1 minuto"},"schema":{"@context":"https:\/\/schema.org","@graph":[{"@type":"WebPage","@id":"https:\/\/www.vieirinox.pt\/pt-pt\/depositos\/","url":"https:\/\/www.vieirinox.pt\/pt-pt\/depositos\/","name":"Dep\u00f3sitos e Cubas Inox para o Sector Agro-alimentar - Vieirinox","isPartOf":{"@id":"https:\/\/www.vieirinox.pt\/pt-pt\/#website"},"datePublished":"2020-07-07T10:46:47+00:00","dateModified":"2024-04-18T01:19:19+00:00","description":"Produzimos e comercializamos dep\u00f3sitos e cubas em inox para todo o tipo de ind\u00fastria, em especial para as ind\u00fastrias vitivin\u00edcola e ole\u00edcola.","breadcrumb":{"@id":"https:\/\/www.vieirinox.pt\/pt-pt\/depositos\/#breadcrumb"},"inLanguage":"pt-PT","potentialAction":[{"@type":"ReadAction","target":["https:\/\/www.vieirinox.pt\/pt-pt\/depositos\/"]}]},{"@type":"BreadcrumbList","@id":"https:\/\/www.vieirinox.pt\/pt-pt\/depositos\/#breadcrumb","itemListElement":[{"@type":"ListItem","position":1,"name":"Home","item":"https:\/\/www.vieirinox.pt\/pt-pt\/"},{"@type":"ListItem","position":2,"name":"Dep\u00f3sitos"}]},{"@type":"WebSite","@id":"https:\/\/www.vieirinox.pt\/pt-pt\/#website","url":"https:\/\/www.vieirinox.pt\/pt-pt\/","name":"Vieirinox","description":"","publisher":{"@id":"https:\/\/www.vieirinox.pt\/pt-pt\/#organization"},"potentialAction":[{"@type":"SearchAction","target":{"@type":"EntryPoint","urlTemplate":"https:\/\/www.vieirinox.pt\/pt-pt\/?s={search_term_string}"},"query-input":{"@type":"PropertyValueSpecification","valueRequired":true,"valueName":"search_term_string"}}],"inLanguage":"pt-PT"},{"@type":"Organization","@id":"https:\/\/www.vieirinox.pt\/pt-pt\/#organization","name":"Vieirinox","url":"https:\/\/www.vieirinox.pt\/pt-pt\/","logo":{"@type":"ImageObject","inLanguage":"pt-PT","@id":"https:\/\/www.vieirinox.pt\/pt-pt\/#\/schema\/logo\/image\/","url":"https:\/\/www.vieirinox.pt\/wp-content\/uploads\/2024\/09\/logo_vieirinox.png","contentUrl":"https:\/\/www.vieirinox.pt\/wp-content\/uploads\/2024\/09\/logo_vieirinox.png","width":200,"height":200,"caption":"Vieirinox"},"image":{"@id":"https:\/\/www.vieirinox.pt\/pt-pt\/#\/schema\/logo\/image\/"},"sameAs":["https:\/\/www.facebook.com\/Vieirinox\/","https:\/\/www.instagram.com\/vieirinox.hvf","https:\/\/www.linkedin.com\/company\/vieirinox","https:\/\/www.youtube.com\/@vieirinox4600"]}]}},"_links":{"self":[{"href":"https:\/\/www.vieirinox.pt\/pt-pt\/wp-json\/wp\/v2\/pages\/22","targetHints":{"allow":["GET"]}}],"collection":[{"href":"https:\/\/www.vieirinox.pt\/pt-pt\/wp-json\/wp\/v2\/pages"}],"about":[{"href":"https:\/\/www.vieirinox.pt\/pt-pt\/wp-json\/wp\/v2\/types\/page"}],"author":[{"embeddable":true,"href":"https:\/\/www.vieirinox.pt\/pt-pt\/wp-json\/wp\/v2\/users\/1"}],"replies":[{"embeddable":true,"href":"https:\/\/www.vieirinox.pt\/pt-pt\/wp-json\/wp\/v2\/comments?post=22"}],"version-history":[{"count":5,"href":"https:\/\/www.vieirinox.pt\/pt-pt\/wp-json\/wp\/v2\/pages\/22\/revisions"}],"predecessor-version":[{"id":3319,"href":"https:\/\/www.vieirinox.pt\/pt-pt\/wp-json\/wp\/v2\/pages\/22\/revisions\/3319"}],"wp:attachment":[{"href":"https:\/\/www.vieirinox.pt\/pt-pt\/wp-json\/wp\/v2\/media?parent=22"}],"curies":[{"name":"wp","href":"https:\/\/api.w.org\/{rel}","templated":true}]}}