{"id":2609,"date":"2022-09-19T16:35:05","date_gmt":"2022-09-19T15:35:05","guid":{"rendered":"https:\/\/vieirainox.dev.loba.com\/?page_id=2609"},"modified":"2022-09-19T16:44:49","modified_gmt":"2022-09-19T15:44:49","slug":"parceiros","status":"publish","type":"page","link":"https:\/\/www.vieirinox.pt\/pt-pt\/parceiros\/","title":{"rendered":"parceiros"},"content":{"rendered":"<h4><strong>Vidyenol<\/strong><\/h4>\n<p>Vidyenol \u00e9 uma empresa jovem e moderna localizada em Pe\u00f1afiel (Valladolid); especializada em todos os processos de vinifica\u00e7\u00e3o, sendo especialistas em todas as etapas, desde a vinha ao engarrafamento.<\/p>\n<p>Fundada em 2002, caracteriza-se principalmente pela distribui\u00e7\u00e3o e representa\u00e7\u00e3o de marcas premium no setor vitivin\u00edcola. Contam com pessoal qualificado para prestar o melhor atendimento e assessoria t\u00e9cnica.<\/p>\n<p>Atualmente trabalham com mais de mil clientes, tanto adegas como particulares, oferecendo-lhes um servi\u00e7o pr\u00f3ximo e personalizado.<\/p>\n<ul>\n<li>Facebook \u2013\u00a0<a href=\"https:\/\/www.facebook.com\/Vidyenol\/\">@vidyenol<\/a><\/li>\n<li>Instagram \u2013\u00a0<a href=\"https:\/\/www.instagram.com\/vidyenol_sl\/\">Vidyenol_sl<\/a><\/li>\n<\/ul>\n","protected":false},"excerpt":{"rendered":"<p>Vidyenol Vidyenol \u00e9 uma empresa jovem e moderna localizada em Pe\u00f1afiel (Valladolid); especializada em todos os processos de vinifica\u00e7\u00e3o, sendo especialistas em todas as etapas, desde a vinha ao engarrafamento. Fundada em 2002, caracteriza-se principalmente pela distribui\u00e7\u00e3o e representa\u00e7\u00e3o de marcas premium no setor vitivin\u00edcola. Contam com pessoal qualificado para prestar o melhor atendimento e [&hellip;]<\/p>\n","protected":false},"author":3,"featured_media":0,"parent":0,"menu_order":0,"comment_status":"closed","ping_status":"closed","template":"","meta":{"_acf_changed":false,"footnotes":""},"class_list":["post-2609","page","type-page","status-publish","hentry"],"acf":[],"yoast_head":"<!-- This site is optimized with the Yoast SEO plugin v26.9 - https:\/\/yoast.com\/product\/yoast-seo-wordpress\/ -->\n<title>parceiros - Vieirinox<\/title>\n<meta name=\"robots\" content=\"index, follow, max-snippet:-1, max-image-preview:large, max-video-preview:-1\" \/>\n<link rel=\"canonical\" href=\"https:\/\/www.vieirinox.pt\/pt-pt\/parceiros\/\" \/>\n<meta property=\"og:locale\" content=\"pt_PT\" \/>\n<meta property=\"og:type\" content=\"article\" \/>\n<meta property=\"og:title\" content=\"parceiros - Vieirinox\" \/>\n<meta property=\"og:description\" content=\"Vidyenol Vidyenol \u00e9 uma empresa jovem e moderna localizada em Pe\u00f1afiel (Valladolid); especializada em todos os processos de vinifica\u00e7\u00e3o, sendo especialistas em todas as etapas, desde a vinha ao engarrafamento. Fundada em 2002, caracteriza-se principalmente pela distribui\u00e7\u00e3o e representa\u00e7\u00e3o de marcas premium no setor vitivin\u00edcola. Contam com pessoal qualificado para prestar o melhor atendimento e [&hellip;]\" \/>\n<meta property=\"og:url\" content=\"https:\/\/www.vieirinox.pt\/pt-pt\/parceiros\/\" \/>\n<meta property=\"og:site_name\" content=\"Vieirinox\" \/>\n<meta property=\"article:publisher\" content=\"https:\/\/www.facebook.com\/Vieirinox\/\" \/>\n<meta property=\"article:modified_time\" content=\"2022-09-19T15:44:49+00:00\" \/>\n<meta name=\"twitter:card\" content=\"summary_large_image\" \/>\n<script type=\"application\/ld+json\" class=\"yoast-schema-graph\">{\"@context\":\"https:\/\/schema.org\",\"@graph\":[{\"@type\":\"WebPage\",\"@id\":\"https:\/\/www.vieirinox.pt\/pt-pt\/parceiros\/\",\"url\":\"https:\/\/www.vieirinox.pt\/pt-pt\/parceiros\/\",\"name\":\"parceiros - Vieirinox\",\"isPartOf\":{\"@id\":\"https:\/\/www.vieirinox.pt\/pt-pt\/#website\"},\"datePublished\":\"2022-09-19T15:35:05+00:00\",\"dateModified\":\"2022-09-19T15:44:49+00:00\",\"breadcrumb\":{\"@id\":\"https:\/\/www.vieirinox.pt\/pt-pt\/parceiros\/#breadcrumb\"},\"inLanguage\":\"pt-PT\",\"potentialAction\":[{\"@type\":\"ReadAction\",\"target\":[\"https:\/\/www.vieirinox.pt\/pt-pt\/parceiros\/\"]}]},{\"@type\":\"BreadcrumbList\",\"@id\":\"https:\/\/www.vieirinox.pt\/pt-pt\/parceiros\/#breadcrumb\",\"itemListElement\":[{\"@type\":\"ListItem\",\"position\":1,\"name\":\"Home\",\"item\":\"https:\/\/www.vieirinox.pt\/pt-pt\/\"},{\"@type\":\"ListItem\",\"position\":2,\"name\":\"parceiros\"}]},{\"@type\":\"WebSite\",\"@id\":\"https:\/\/www.vieirinox.pt\/pt-pt\/#website\",\"url\":\"https:\/\/www.vieirinox.pt\/pt-pt\/\",\"name\":\"Vieirinox\",\"description\":\"\",\"publisher\":{\"@id\":\"https:\/\/www.vieirinox.pt\/pt-pt\/#organization\"},\"potentialAction\":[{\"@type\":\"SearchAction\",\"target\":{\"@type\":\"EntryPoint\",\"urlTemplate\":\"https:\/\/www.vieirinox.pt\/pt-pt\/?s={search_term_string}\"},\"query-input\":{\"@type\":\"PropertyValueSpecification\",\"valueRequired\":true,\"valueName\":\"search_term_string\"}}],\"inLanguage\":\"pt-PT\"},{\"@type\":\"Organization\",\"@id\":\"https:\/\/www.vieirinox.pt\/pt-pt\/#organization\",\"name\":\"Vieirinox\",\"url\":\"https:\/\/www.vieirinox.pt\/pt-pt\/\",\"logo\":{\"@type\":\"ImageObject\",\"inLanguage\":\"pt-PT\",\"@id\":\"https:\/\/www.vieirinox.pt\/pt-pt\/#\/schema\/logo\/image\/\",\"url\":\"https:\/\/www.vieirinox.pt\/wp-content\/uploads\/2024\/09\/logo_vieirinox.png\",\"contentUrl\":\"https:\/\/www.vieirinox.pt\/wp-content\/uploads\/2024\/09\/logo_vieirinox.png\",\"width\":200,\"height\":200,\"caption\":\"Vieirinox\"},\"image\":{\"@id\":\"https:\/\/www.vieirinox.pt\/pt-pt\/#\/schema\/logo\/image\/\"},\"sameAs\":[\"https:\/\/www.facebook.com\/Vieirinox\/\",\"https:\/\/www.instagram.com\/vieirinox.hvf\",\"https:\/\/www.linkedin.com\/company\/vieirinox\",\"https:\/\/www.youtube.com\/@vieirinox4600\"]}]}<\/script>\n<!-- \/ Yoast SEO plugin. -->","yoast_head_json":{"title":"parceiros - Vieirinox","robots":{"index":"index","follow":"follow","max-snippet":"max-snippet:-1","max-image-preview":"max-image-preview:large","max-video-preview":"max-video-preview:-1"},"canonical":"https:\/\/www.vieirinox.pt\/pt-pt\/parceiros\/","og_locale":"pt_PT","og_type":"article","og_title":"parceiros - Vieirinox","og_description":"Vidyenol Vidyenol \u00e9 uma empresa jovem e moderna localizada em Pe\u00f1afiel (Valladolid); especializada em todos os processos de vinifica\u00e7\u00e3o, sendo especialistas em todas as etapas, desde a vinha ao engarrafamento. Fundada em 2002, caracteriza-se principalmente pela distribui\u00e7\u00e3o e representa\u00e7\u00e3o de marcas premium no setor vitivin\u00edcola. Contam com pessoal qualificado para prestar o melhor atendimento e [&hellip;]","og_url":"https:\/\/www.vieirinox.pt\/pt-pt\/parceiros\/","og_site_name":"Vieirinox","article_publisher":"https:\/\/www.facebook.com\/Vieirinox\/","article_modified_time":"2022-09-19T15:44:49+00:00","twitter_card":"summary_large_image","schema":{"@context":"https:\/\/schema.org","@graph":[{"@type":"WebPage","@id":"https:\/\/www.vieirinox.pt\/pt-pt\/parceiros\/","url":"https:\/\/www.vieirinox.pt\/pt-pt\/parceiros\/","name":"parceiros - Vieirinox","isPartOf":{"@id":"https:\/\/www.vieirinox.pt\/pt-pt\/#website"},"datePublished":"2022-09-19T15:35:05+00:00","dateModified":"2022-09-19T15:44:49+00:00","breadcrumb":{"@id":"https:\/\/www.vieirinox.pt\/pt-pt\/parceiros\/#breadcrumb"},"inLanguage":"pt-PT","potentialAction":[{"@type":"ReadAction","target":["https:\/\/www.vieirinox.pt\/pt-pt\/parceiros\/"]}]},{"@type":"BreadcrumbList","@id":"https:\/\/www.vieirinox.pt\/pt-pt\/parceiros\/#breadcrumb","itemListElement":[{"@type":"ListItem","position":1,"name":"Home","item":"https:\/\/www.vieirinox.pt\/pt-pt\/"},{"@type":"ListItem","position":2,"name":"parceiros"}]},{"@type":"WebSite","@id":"https:\/\/www.vieirinox.pt\/pt-pt\/#website","url":"https:\/\/www.vieirinox.pt\/pt-pt\/","name":"Vieirinox","description":"","publisher":{"@id":"https:\/\/www.vieirinox.pt\/pt-pt\/#organization"},"potentialAction":[{"@type":"SearchAction","target":{"@type":"EntryPoint","urlTemplate":"https:\/\/www.vieirinox.pt\/pt-pt\/?s={search_term_string}"},"query-input":{"@type":"PropertyValueSpecification","valueRequired":true,"valueName":"search_term_string"}}],"inLanguage":"pt-PT"},{"@type":"Organization","@id":"https:\/\/www.vieirinox.pt\/pt-pt\/#organization","name":"Vieirinox","url":"https:\/\/www.vieirinox.pt\/pt-pt\/","logo":{"@type":"ImageObject","inLanguage":"pt-PT","@id":"https:\/\/www.vieirinox.pt\/pt-pt\/#\/schema\/logo\/image\/","url":"https:\/\/www.vieirinox.pt\/wp-content\/uploads\/2024\/09\/logo_vieirinox.png","contentUrl":"https:\/\/www.vieirinox.pt\/wp-content\/uploads\/2024\/09\/logo_vieirinox.png","width":200,"height":200,"caption":"Vieirinox"},"image":{"@id":"https:\/\/www.vieirinox.pt\/pt-pt\/#\/schema\/logo\/image\/"},"sameAs":["https:\/\/www.facebook.com\/Vieirinox\/","https:\/\/www.instagram.com\/vieirinox.hvf","https:\/\/www.linkedin.com\/company\/vieirinox","https:\/\/www.youtube.com\/@vieirinox4600"]}]}},"_links":{"self":[{"href":"https:\/\/www.vieirinox.pt\/pt-pt\/wp-json\/wp\/v2\/pages\/2609","targetHints":{"allow":["GET"]}}],"collection":[{"href":"https:\/\/www.vieirinox.pt\/pt-pt\/wp-json\/wp\/v2\/pages"}],"about":[{"href":"https:\/\/www.vieirinox.pt\/pt-pt\/wp-json\/wp\/v2\/types\/page"}],"author":[{"embeddable":true,"href":"https:\/\/www.vieirinox.pt\/pt-pt\/wp-json\/wp\/v2\/users\/3"}],"replies":[{"embeddable":true,"href":"https:\/\/www.vieirinox.pt\/pt-pt\/wp-json\/wp\/v2\/comments?post=2609"}],"version-history":[{"count":8,"href":"https:\/\/www.vieirinox.pt\/pt-pt\/wp-json\/wp\/v2\/pages\/2609\/revisions"}],"predecessor-version":[{"id":2619,"href":"https:\/\/www.vieirinox.pt\/pt-pt\/wp-json\/wp\/v2\/pages\/2609\/revisions\/2619"}],"wp:attachment":[{"href":"https:\/\/www.vieirinox.pt\/pt-pt\/wp-json\/wp\/v2\/media?parent=2609"}],"curies":[{"name":"wp","href":"https:\/\/api.w.org\/{rel}","templated":true}]}}