{"id":3587,"date":"2024-09-09T16:57:06","date_gmt":"2024-09-09T15:57:06","guid":{"rendered":"https:\/\/www.vieirinox.pt\/?page_id=3587"},"modified":"2024-10-02T11:47:32","modified_gmt":"2024-10-02T10:47:32","slug":"corte-laser","status":"publish","type":"page","link":"https:\/\/www.vieirinox.pt\/pt-pt\/corte-laser\/","title":{"rendered":"Corte Laser"},"content":{"rendered":"<p>Fale connosco para cortarmos a\u00e7o inox consoante as suas necessidades.<\/p>\n<p>Pode trazer a sua chapa para cortarmos ou solicitar uma chapa com as medidas que pretender.<\/p>\n<p>Preencha o formul\u00e1rio com toda a informa\u00e7\u00e3o necess\u00e1ria ao pedido. <\/p>\n<p>Pode tamb\u00e9m fazer o pedido atrav\u00e9s do seguinte endere\u00e7o: cortelaser@vieirinox.pt<\/p>\n\n<div class=\"wpcf7 no-js\" id=\"wpcf7-f3568-o1\" lang=\"pt-PT\" dir=\"ltr\" data-wpcf7-id=\"3568\">\n<div class=\"screen-reader-response\"><p role=\"status\" aria-live=\"polite\" aria-atomic=\"true\"><\/p> <ul><\/ul><\/div>\n<form action=\"\/pt-pt\/wp-json\/wp\/v2\/pages\/3587#wpcf7-f3568-o1\" method=\"post\" class=\"wpcf7-form init wpcf7-acceptance-as-validation\" aria-label=\"Formul\u00e1rio de contacto\" novalidate=\"novalidate\" data-status=\"init\">\n<div style=\"display: none;\">\n<input type=\"hidden\" name=\"_wpcf7\" value=\"3568\" \/>\n<input type=\"hidden\" name=\"_wpcf7_version\" value=\"6.0.6\" \/>\n<input type=\"hidden\" name=\"_wpcf7_locale\" value=\"pt_PT\" \/>\n<input type=\"hidden\" name=\"_wpcf7_unit_tag\" value=\"wpcf7-f3568-o1\" \/>\n<input type=\"hidden\" name=\"_wpcf7_container_post\" value=\"0\" \/>\n<input type=\"hidden\" name=\"_wpcf7_posted_data_hash\" value=\"\" \/>\n<input type=\"hidden\" name=\"_wpcf7_recaptcha_response\" value=\"\" \/>\n<\/div>\n<div class=\"row mt-100\">\n\t<div class=\"col-md-6\">\n\t\t<p><label> nome *<br \/>\n<span class=\"wpcf7-form-control-wrap\" data-name=\"your-name\"><input size=\"40\" maxlength=\"400\" class=\"wpcf7-form-control wpcf7-text wpcf7-validates-as-required\" aria-required=\"true\" aria-invalid=\"false\" value=\"\" type=\"text\" name=\"your-name\" \/><\/span> <\/label>\n\t\t<\/p>\n\t<\/div>\n\t<div class=\"col-md-6\">\n\t\t<p><label> apelido *<br \/>\n<span class=\"wpcf7-form-control-wrap\" data-name=\"your-surname\"><input size=\"40\" maxlength=\"400\" class=\"wpcf7-form-control wpcf7-text wpcf7-validates-as-required\" aria-required=\"true\" aria-invalid=\"false\" value=\"\" type=\"text\" name=\"your-surname\" \/><\/span> <\/label>\n\t\t<\/p>\n\t<\/div>\n<\/div>\n<div class=\"row mt-100\">\n\t<div class=\"col-md-6\">\n\t\t<p><label> email *<br \/>\n<span class=\"wpcf7-form-control-wrap\" data-name=\"your-email\"><input size=\"40\" maxlength=\"400\" class=\"wpcf7-form-control wpcf7-email wpcf7-validates-as-required wpcf7-text wpcf7-validates-as-email\" aria-required=\"true\" aria-invalid=\"false\" value=\"\" type=\"email\" name=\"your-email\" \/><\/span> <\/label>\n\t\t<\/p>\n\t<\/div>\n\t<div class=\"col-md-6\">\n\t\t<p><label> telefone *<br \/>\n<span class=\"wpcf7-form-control-wrap\" data-name=\"your-phone\"><input size=\"40\" maxlength=\"400\" class=\"wpcf7-form-control wpcf7-text wpcf7-validates-as-required\" aria-required=\"true\" aria-invalid=\"false\" value=\"\" type=\"text\" name=\"your-phone\" \/><\/span> <\/label>\n\t\t<\/p>\n\t<\/div>\n\t<div class=\"col-md-6\">\n\t\t<p><label> Pedido *<br \/>\n<span class=\"wpcf7-form-control-wrap\" data-name=\"your-message\"><textarea cols=\"40\" rows=\"10\" maxlength=\"2000\" class=\"wpcf7-form-control wpcf7-textarea wpcf7-validates-as-required expand\" aria-required=\"true\" aria-invalid=\"false\" name=\"your-message\"><\/textarea><\/span> <\/label>\n\t\t<\/p>\n\t<\/div>\n<\/div>\n<div class=\"row mt-100\">\n\t<div class=\"col-12\">\n\t\t<p>Iremos utilizar informa\u00e7\u00e3o pessoal que nos enviou, para considerar a sua candidatura \u00e0 fun\u00e7\u00e3o relevante. A sua privacidade \u00e9 importante para n\u00f3s. Por favor, consulte a nossa <a href=\"\/politica-de-privacidade\/\">Pol\u00edtica de Processamento de Dados<\/a>, que explica de que forma utilizaremos e armazenaremos a sua informa\u00e7\u00e3o pessoal. Explica tamb\u00e9m os direitos que tem relativamente \u00e0 sua informa\u00e7\u00e3o e como pode contactar-nos para o esclarecimento de d\u00favidas ou pedidos.\n\t\t<\/p>\n\t<\/div>\n<\/div>\n<div class=\"row mt-100\">\n\t<div class=\"col-md-4\">\n\t\t<p><button id='submit' class='wpcf7-form-control wpcf7-submit float-unset sweepButtonBlue'><br \/>\n<span class=\"gradient\"><\/span>Enviar<br \/>\n<\/button>\n\t\t<\/p>\n\t<\/div>\n<\/div><div class=\"wpcf7-response-output\" aria-hidden=\"true\"><\/div>\n<\/form>\n<\/div>\n\n","protected":false},"excerpt":{"rendered":"<p>Fale connosco para cortarmos a\u00e7o inox consoante as suas necessidades. Pode trazer a sua chapa para cortarmos ou solicitar uma chapa com as medidas que pretender. Preencha o formul\u00e1rio com toda a informa\u00e7\u00e3o necess\u00e1ria ao pedido. Pode tamb\u00e9m fazer o pedido atrav\u00e9s do seguinte endere\u00e7o: cortelaser@vieirinox.pt<\/p>\n","protected":false},"author":4,"featured_media":0,"parent":0,"menu_order":0,"comment_status":"closed","ping_status":"closed","template":"","meta":{"_acf_changed":false,"footnotes":""},"class_list":["post-3587","page","type-page","status-publish","hentry"],"acf":[],"yoast_head":"<!-- This site is optimized with the Yoast SEO plugin v26.9 - https:\/\/yoast.com\/product\/yoast-seo-wordpress\/ -->\n<title>Corte Laser - Vieirinox<\/title>\n<meta name=\"robots\" content=\"index, follow, max-snippet:-1, max-image-preview:large, max-video-preview:-1\" \/>\n<link rel=\"canonical\" href=\"https:\/\/www.vieirinox.pt\/pt-pt\/corte-laser\/\" \/>\n<meta property=\"og:locale\" content=\"pt_PT\" \/>\n<meta property=\"og:type\" content=\"article\" \/>\n<meta property=\"og:title\" content=\"Corte Laser - Vieirinox\" \/>\n<meta property=\"og:description\" content=\"Fale connosco para cortarmos a\u00e7o inox consoante as suas necessidades. Pode trazer a sua chapa para cortarmos ou solicitar uma chapa com as medidas que pretender. Preencha o formul\u00e1rio com toda a informa\u00e7\u00e3o necess\u00e1ria ao pedido. Pode tamb\u00e9m fazer o pedido atrav\u00e9s do seguinte endere\u00e7o: cortelaser@vieirinox.pt\" \/>\n<meta property=\"og:url\" content=\"https:\/\/www.vieirinox.pt\/pt-pt\/corte-laser\/\" \/>\n<meta property=\"og:site_name\" content=\"Vieirinox\" \/>\n<meta property=\"article:publisher\" content=\"https:\/\/www.facebook.com\/Vieirinox\/\" \/>\n<meta property=\"article:modified_time\" content=\"2024-10-02T10:47:32+00:00\" \/>\n<meta name=\"twitter:card\" content=\"summary_large_image\" \/>\n<meta name=\"twitter:label1\" content=\"Tempo estimado de leitura\" \/>\n\t<meta name=\"twitter:data1\" content=\"1 minuto\" \/>\n<script type=\"application\/ld+json\" class=\"yoast-schema-graph\">{\"@context\":\"https:\/\/schema.org\",\"@graph\":[{\"@type\":\"WebPage\",\"@id\":\"https:\/\/www.vieirinox.pt\/pt-pt\/corte-laser\/\",\"url\":\"https:\/\/www.vieirinox.pt\/pt-pt\/corte-laser\/\",\"name\":\"Corte Laser - Vieirinox\",\"isPartOf\":{\"@id\":\"https:\/\/www.vieirinox.pt\/pt-pt\/#website\"},\"datePublished\":\"2024-09-09T15:57:06+00:00\",\"dateModified\":\"2024-10-02T10:47:32+00:00\",\"breadcrumb\":{\"@id\":\"https:\/\/www.vieirinox.pt\/pt-pt\/corte-laser\/#breadcrumb\"},\"inLanguage\":\"pt-PT\",\"potentialAction\":[{\"@type\":\"ReadAction\",\"target\":[\"https:\/\/www.vieirinox.pt\/pt-pt\/corte-laser\/\"]}]},{\"@type\":\"BreadcrumbList\",\"@id\":\"https:\/\/www.vieirinox.pt\/pt-pt\/corte-laser\/#breadcrumb\",\"itemListElement\":[{\"@type\":\"ListItem\",\"position\":1,\"name\":\"Home\",\"item\":\"https:\/\/www.vieirinox.pt\/pt-pt\/\"},{\"@type\":\"ListItem\",\"position\":2,\"name\":\"Corte Laser\"}]},{\"@type\":\"WebSite\",\"@id\":\"https:\/\/www.vieirinox.pt\/pt-pt\/#website\",\"url\":\"https:\/\/www.vieirinox.pt\/pt-pt\/\",\"name\":\"Vieirinox\",\"description\":\"\",\"publisher\":{\"@id\":\"https:\/\/www.vieirinox.pt\/pt-pt\/#organization\"},\"potentialAction\":[{\"@type\":\"SearchAction\",\"target\":{\"@type\":\"EntryPoint\",\"urlTemplate\":\"https:\/\/www.vieirinox.pt\/pt-pt\/?s={search_term_string}\"},\"query-input\":{\"@type\":\"PropertyValueSpecification\",\"valueRequired\":true,\"valueName\":\"search_term_string\"}}],\"inLanguage\":\"pt-PT\"},{\"@type\":\"Organization\",\"@id\":\"https:\/\/www.vieirinox.pt\/pt-pt\/#organization\",\"name\":\"Vieirinox\",\"url\":\"https:\/\/www.vieirinox.pt\/pt-pt\/\",\"logo\":{\"@type\":\"ImageObject\",\"inLanguage\":\"pt-PT\",\"@id\":\"https:\/\/www.vieirinox.pt\/pt-pt\/#\/schema\/logo\/image\/\",\"url\":\"https:\/\/www.vieirinox.pt\/wp-content\/uploads\/2024\/09\/logo_vieirinox.png\",\"contentUrl\":\"https:\/\/www.vieirinox.pt\/wp-content\/uploads\/2024\/09\/logo_vieirinox.png\",\"width\":200,\"height\":200,\"caption\":\"Vieirinox\"},\"image\":{\"@id\":\"https:\/\/www.vieirinox.pt\/pt-pt\/#\/schema\/logo\/image\/\"},\"sameAs\":[\"https:\/\/www.facebook.com\/Vieirinox\/\",\"https:\/\/www.instagram.com\/vieirinox.hvf\",\"https:\/\/www.linkedin.com\/company\/vieirinox\",\"https:\/\/www.youtube.com\/@vieirinox4600\"]}]}<\/script>\n<!-- \/ Yoast SEO plugin. -->","yoast_head_json":{"title":"Corte Laser - Vieirinox","robots":{"index":"index","follow":"follow","max-snippet":"max-snippet:-1","max-image-preview":"max-image-preview:large","max-video-preview":"max-video-preview:-1"},"canonical":"https:\/\/www.vieirinox.pt\/pt-pt\/corte-laser\/","og_locale":"pt_PT","og_type":"article","og_title":"Corte Laser - Vieirinox","og_description":"Fale connosco para cortarmos a\u00e7o inox consoante as suas necessidades. Pode trazer a sua chapa para cortarmos ou solicitar uma chapa com as medidas que pretender. Preencha o formul\u00e1rio com toda a informa\u00e7\u00e3o necess\u00e1ria ao pedido. Pode tamb\u00e9m fazer o pedido atrav\u00e9s do seguinte endere\u00e7o: cortelaser@vieirinox.pt","og_url":"https:\/\/www.vieirinox.pt\/pt-pt\/corte-laser\/","og_site_name":"Vieirinox","article_publisher":"https:\/\/www.facebook.com\/Vieirinox\/","article_modified_time":"2024-10-02T10:47:32+00:00","twitter_card":"summary_large_image","twitter_misc":{"Tempo estimado de leitura":"1 minuto"},"schema":{"@context":"https:\/\/schema.org","@graph":[{"@type":"WebPage","@id":"https:\/\/www.vieirinox.pt\/pt-pt\/corte-laser\/","url":"https:\/\/www.vieirinox.pt\/pt-pt\/corte-laser\/","name":"Corte Laser - Vieirinox","isPartOf":{"@id":"https:\/\/www.vieirinox.pt\/pt-pt\/#website"},"datePublished":"2024-09-09T15:57:06+00:00","dateModified":"2024-10-02T10:47:32+00:00","breadcrumb":{"@id":"https:\/\/www.vieirinox.pt\/pt-pt\/corte-laser\/#breadcrumb"},"inLanguage":"pt-PT","potentialAction":[{"@type":"ReadAction","target":["https:\/\/www.vieirinox.pt\/pt-pt\/corte-laser\/"]}]},{"@type":"BreadcrumbList","@id":"https:\/\/www.vieirinox.pt\/pt-pt\/corte-laser\/#breadcrumb","itemListElement":[{"@type":"ListItem","position":1,"name":"Home","item":"https:\/\/www.vieirinox.pt\/pt-pt\/"},{"@type":"ListItem","position":2,"name":"Corte Laser"}]},{"@type":"WebSite","@id":"https:\/\/www.vieirinox.pt\/pt-pt\/#website","url":"https:\/\/www.vieirinox.pt\/pt-pt\/","name":"Vieirinox","description":"","publisher":{"@id":"https:\/\/www.vieirinox.pt\/pt-pt\/#organization"},"potentialAction":[{"@type":"SearchAction","target":{"@type":"EntryPoint","urlTemplate":"https:\/\/www.vieirinox.pt\/pt-pt\/?s={search_term_string}"},"query-input":{"@type":"PropertyValueSpecification","valueRequired":true,"valueName":"search_term_string"}}],"inLanguage":"pt-PT"},{"@type":"Organization","@id":"https:\/\/www.vieirinox.pt\/pt-pt\/#organization","name":"Vieirinox","url":"https:\/\/www.vieirinox.pt\/pt-pt\/","logo":{"@type":"ImageObject","inLanguage":"pt-PT","@id":"https:\/\/www.vieirinox.pt\/pt-pt\/#\/schema\/logo\/image\/","url":"https:\/\/www.vieirinox.pt\/wp-content\/uploads\/2024\/09\/logo_vieirinox.png","contentUrl":"https:\/\/www.vieirinox.pt\/wp-content\/uploads\/2024\/09\/logo_vieirinox.png","width":200,"height":200,"caption":"Vieirinox"},"image":{"@id":"https:\/\/www.vieirinox.pt\/pt-pt\/#\/schema\/logo\/image\/"},"sameAs":["https:\/\/www.facebook.com\/Vieirinox\/","https:\/\/www.instagram.com\/vieirinox.hvf","https:\/\/www.linkedin.com\/company\/vieirinox","https:\/\/www.youtube.com\/@vieirinox4600"]}]}},"_links":{"self":[{"href":"https:\/\/www.vieirinox.pt\/pt-pt\/wp-json\/wp\/v2\/pages\/3587","targetHints":{"allow":["GET"]}}],"collection":[{"href":"https:\/\/www.vieirinox.pt\/pt-pt\/wp-json\/wp\/v2\/pages"}],"about":[{"href":"https:\/\/www.vieirinox.pt\/pt-pt\/wp-json\/wp\/v2\/types\/page"}],"author":[{"embeddable":true,"href":"https:\/\/www.vieirinox.pt\/pt-pt\/wp-json\/wp\/v2\/users\/4"}],"replies":[{"embeddable":true,"href":"https:\/\/www.vieirinox.pt\/pt-pt\/wp-json\/wp\/v2\/comments?post=3587"}],"version-history":[{"count":4,"href":"https:\/\/www.vieirinox.pt\/pt-pt\/wp-json\/wp\/v2\/pages\/3587\/revisions"}],"predecessor-version":[{"id":3617,"href":"https:\/\/www.vieirinox.pt\/pt-pt\/wp-json\/wp\/v2\/pages\/3587\/revisions\/3617"}],"wp:attachment":[{"href":"https:\/\/www.vieirinox.pt\/pt-pt\/wp-json\/wp\/v2\/media?parent=3587"}],"curies":[{"name":"wp","href":"https:\/\/api.w.org\/{rel}","templated":true}]}}