{"id":3651,"date":"2025-02-24T10:05:18","date_gmt":"2025-02-24T10:05:18","guid":{"rendered":"https:\/\/www.vieirinox.pt\/?page_id=3651"},"modified":"2025-02-26T09:54:39","modified_gmt":"2025-02-26T09:54:39","slug":"questoes-legais","status":"publish","type":"page","link":"https:\/\/www.vieirinox.pt\/pt-pt\/questoes-legais\/","title":{"rendered":"Quest\u00f5es Legais"},"content":{"rendered":"<p>A atividade da Henrique Vieira &#038; Filhos, S.A. guia-se sempre pelo cumprimento dos mais elementares padr\u00f5es \u00e9ticos, os quais se destinam a assegurar o respeito, entre outros, pelos princ\u00edpios da integridade, lealdade, compet\u00eancia e responsabilidade. No apoio a este des\u00edgnio, tem em vigor as seguintes ferramentas.<br \/>\n<\/p>\n<p><a href=\"https:\/\/www.vieirinox.pt\/wp-content\/uploads\/2025\/02\/Imp-112.1-Codigo-de-Conduta-Henrique-Vieira-Filhos-SA.pdf\">C\u00f3digo de Conduta<\/a> \u2013 Estabelece o conjunto de princ\u00edpios, valores e regras de atua\u00e7\u00e3o de todos os dirigentes e trabalhadores da empresa, quer ao n\u00edvel do relacionamento interno, quer do relacionamento externo, em mat\u00e9ria de \u00e9tica profissional, integridade, rigor, transpar\u00eancia, efici\u00eancia e compet\u00eancia.<\/p>\n<p><a href=\"https:\/\/www.vieirinox.pt\/wp-content\/uploads\/2025\/02\/Imp-144.0-Plano-de-Prevencao-de-Riscos-de-Corrupcao-e-Infracoes-Conexas.pdf\">Plano de Preven\u00e7\u00e3o de Riscos de Corrup\u00e7\u00e3o e Infra\u00e7\u00f5es Conexas<\/a> \u2013 Desenvolvido no \u00e2mbito do disposto no Decreto-Lei n.\u00ba 109-E\/2021, de 9 de Dezembro, \u00e9 destinado a identificar, analisar e classificar os riscos e as situa\u00e7\u00f5es consideradas suscet\u00edveis de gera\u00e7\u00e3o de potencial pr\u00e1tica de corrup\u00e7\u00e3o e infra\u00e7\u00f5es conexas, estabelecendo as medidas preventivas e corretivas adequadas.<\/p>\n<p><a href=\"https:\/\/www.vieirinox.pt\/pt-pt\/canal-de-denuncias\">Canal de Den\u00fancia Interno<\/a> \u2013 Torna poss\u00edvel a efetiva\u00e7\u00e3o de participa\u00e7\u00f5es atinentes a comportamentos suspeitos de corrup\u00e7\u00e3o e infra\u00e7\u00f5es conexas, tendo em vista o apuramento dos factos, a ado\u00e7\u00e3o das medidas corretivas, a instaura\u00e7\u00e3o de processos disciplinares e, quando necess\u00e1ria, a apresenta\u00e7\u00e3o de queixas-crime.<\/p>\n<p><a href=\"https:\/\/www.vieirinox.pt\/pt-pt\/resolucao-alternativa-de-litigios-de-consumo\/\">Resolu\u00e7\u00e3o Alternativa de Lit\u00edgios de Consumo<\/a> &#8211; Em caso de lit\u00edgio o consumidor pode recorrer a uma Entidade de Resolu\u00e7\u00e3o Alternativa de Lit\u00edgios de Consumo: CNIACC \u2013 Centro Nacional de Informa\u00e7\u00e3o e Arbitragem de Conflitos de Consumo<\/p>\n","protected":false},"excerpt":{"rendered":"<p>A atividade da Henrique Vieira &#038; Filhos, S.A. guia-se sempre pelo cumprimento dos mais elementares padr\u00f5es \u00e9ticos, os quais se destinam a assegurar o respeito, entre outros, pelos princ\u00edpios da integridade, lealdade, compet\u00eancia e responsabilidade. No apoio a este des\u00edgnio, tem em vigor as seguintes ferramentas. C\u00f3digo de Conduta \u2013 Estabelece o conjunto de princ\u00edpios, [&hellip;]<\/p>\n","protected":false},"author":4,"featured_media":0,"parent":0,"menu_order":0,"comment_status":"closed","ping_status":"closed","template":"","meta":{"_acf_changed":false,"footnotes":""},"class_list":["post-3651","page","type-page","status-publish","hentry"],"acf":[],"yoast_head":"<!-- This site is optimized with the Yoast SEO plugin v26.9 - https:\/\/yoast.com\/product\/yoast-seo-wordpress\/ -->\n<title>Quest\u00f5es Legais - Vieirinox<\/title>\n<meta name=\"robots\" content=\"index, follow, max-snippet:-1, max-image-preview:large, max-video-preview:-1\" \/>\n<link rel=\"canonical\" href=\"https:\/\/www.vieirinox.pt\/pt-pt\/questoes-legais\/\" \/>\n<meta property=\"og:locale\" content=\"pt_PT\" \/>\n<meta property=\"og:type\" content=\"article\" \/>\n<meta property=\"og:title\" content=\"Quest\u00f5es Legais - Vieirinox\" \/>\n<meta property=\"og:description\" content=\"A atividade da Henrique Vieira &#038; Filhos, S.A. guia-se sempre pelo cumprimento dos mais elementares padr\u00f5es \u00e9ticos, os quais se destinam a assegurar o respeito, entre outros, pelos princ\u00edpios da integridade, lealdade, compet\u00eancia e responsabilidade. No apoio a este des\u00edgnio, tem em vigor as seguintes ferramentas. C\u00f3digo de Conduta \u2013 Estabelece o conjunto de princ\u00edpios, [&hellip;]\" \/>\n<meta property=\"og:url\" content=\"https:\/\/www.vieirinox.pt\/pt-pt\/questoes-legais\/\" \/>\n<meta property=\"og:site_name\" content=\"Vieirinox\" \/>\n<meta property=\"article:publisher\" content=\"https:\/\/www.facebook.com\/Vieirinox\/\" \/>\n<meta property=\"article:modified_time\" content=\"2025-02-26T09:54:39+00:00\" \/>\n<meta name=\"twitter:card\" content=\"summary_large_image\" \/>\n<meta name=\"twitter:label1\" content=\"Tempo estimado de leitura\" \/>\n\t<meta name=\"twitter:data1\" content=\"2 minutos\" \/>\n<script type=\"application\/ld+json\" class=\"yoast-schema-graph\">{\"@context\":\"https:\/\/schema.org\",\"@graph\":[{\"@type\":\"WebPage\",\"@id\":\"https:\/\/www.vieirinox.pt\/pt-pt\/questoes-legais\/\",\"url\":\"https:\/\/www.vieirinox.pt\/pt-pt\/questoes-legais\/\",\"name\":\"Quest\u00f5es Legais - Vieirinox\",\"isPartOf\":{\"@id\":\"https:\/\/www.vieirinox.pt\/pt-pt\/#website\"},\"datePublished\":\"2025-02-24T10:05:18+00:00\",\"dateModified\":\"2025-02-26T09:54:39+00:00\",\"breadcrumb\":{\"@id\":\"https:\/\/www.vieirinox.pt\/pt-pt\/questoes-legais\/#breadcrumb\"},\"inLanguage\":\"pt-PT\",\"potentialAction\":[{\"@type\":\"ReadAction\",\"target\":[\"https:\/\/www.vieirinox.pt\/pt-pt\/questoes-legais\/\"]}]},{\"@type\":\"BreadcrumbList\",\"@id\":\"https:\/\/www.vieirinox.pt\/pt-pt\/questoes-legais\/#breadcrumb\",\"itemListElement\":[{\"@type\":\"ListItem\",\"position\":1,\"name\":\"Home\",\"item\":\"https:\/\/www.vieirinox.pt\/pt-pt\/\"},{\"@type\":\"ListItem\",\"position\":2,\"name\":\"Quest\u00f5es Legais\"}]},{\"@type\":\"WebSite\",\"@id\":\"https:\/\/www.vieirinox.pt\/pt-pt\/#website\",\"url\":\"https:\/\/www.vieirinox.pt\/pt-pt\/\",\"name\":\"Vieirinox\",\"description\":\"\",\"publisher\":{\"@id\":\"https:\/\/www.vieirinox.pt\/pt-pt\/#organization\"},\"potentialAction\":[{\"@type\":\"SearchAction\",\"target\":{\"@type\":\"EntryPoint\",\"urlTemplate\":\"https:\/\/www.vieirinox.pt\/pt-pt\/?s={search_term_string}\"},\"query-input\":{\"@type\":\"PropertyValueSpecification\",\"valueRequired\":true,\"valueName\":\"search_term_string\"}}],\"inLanguage\":\"pt-PT\"},{\"@type\":\"Organization\",\"@id\":\"https:\/\/www.vieirinox.pt\/pt-pt\/#organization\",\"name\":\"Vieirinox\",\"url\":\"https:\/\/www.vieirinox.pt\/pt-pt\/\",\"logo\":{\"@type\":\"ImageObject\",\"inLanguage\":\"pt-PT\",\"@id\":\"https:\/\/www.vieirinox.pt\/pt-pt\/#\/schema\/logo\/image\/\",\"url\":\"https:\/\/www.vieirinox.pt\/wp-content\/uploads\/2024\/09\/logo_vieirinox.png\",\"contentUrl\":\"https:\/\/www.vieirinox.pt\/wp-content\/uploads\/2024\/09\/logo_vieirinox.png\",\"width\":200,\"height\":200,\"caption\":\"Vieirinox\"},\"image\":{\"@id\":\"https:\/\/www.vieirinox.pt\/pt-pt\/#\/schema\/logo\/image\/\"},\"sameAs\":[\"https:\/\/www.facebook.com\/Vieirinox\/\",\"https:\/\/www.instagram.com\/vieirinox.hvf\",\"https:\/\/www.linkedin.com\/company\/vieirinox\",\"https:\/\/www.youtube.com\/@vieirinox4600\"]}]}<\/script>\n<!-- \/ Yoast SEO plugin. -->","yoast_head_json":{"title":"Quest\u00f5es Legais - Vieirinox","robots":{"index":"index","follow":"follow","max-snippet":"max-snippet:-1","max-image-preview":"max-image-preview:large","max-video-preview":"max-video-preview:-1"},"canonical":"https:\/\/www.vieirinox.pt\/pt-pt\/questoes-legais\/","og_locale":"pt_PT","og_type":"article","og_title":"Quest\u00f5es Legais - Vieirinox","og_description":"A atividade da Henrique Vieira &#038; Filhos, S.A. guia-se sempre pelo cumprimento dos mais elementares padr\u00f5es \u00e9ticos, os quais se destinam a assegurar o respeito, entre outros, pelos princ\u00edpios da integridade, lealdade, compet\u00eancia e responsabilidade. No apoio a este des\u00edgnio, tem em vigor as seguintes ferramentas. C\u00f3digo de Conduta \u2013 Estabelece o conjunto de princ\u00edpios, [&hellip;]","og_url":"https:\/\/www.vieirinox.pt\/pt-pt\/questoes-legais\/","og_site_name":"Vieirinox","article_publisher":"https:\/\/www.facebook.com\/Vieirinox\/","article_modified_time":"2025-02-26T09:54:39+00:00","twitter_card":"summary_large_image","twitter_misc":{"Tempo estimado de leitura":"2 minutos"},"schema":{"@context":"https:\/\/schema.org","@graph":[{"@type":"WebPage","@id":"https:\/\/www.vieirinox.pt\/pt-pt\/questoes-legais\/","url":"https:\/\/www.vieirinox.pt\/pt-pt\/questoes-legais\/","name":"Quest\u00f5es Legais - Vieirinox","isPartOf":{"@id":"https:\/\/www.vieirinox.pt\/pt-pt\/#website"},"datePublished":"2025-02-24T10:05:18+00:00","dateModified":"2025-02-26T09:54:39+00:00","breadcrumb":{"@id":"https:\/\/www.vieirinox.pt\/pt-pt\/questoes-legais\/#breadcrumb"},"inLanguage":"pt-PT","potentialAction":[{"@type":"ReadAction","target":["https:\/\/www.vieirinox.pt\/pt-pt\/questoes-legais\/"]}]},{"@type":"BreadcrumbList","@id":"https:\/\/www.vieirinox.pt\/pt-pt\/questoes-legais\/#breadcrumb","itemListElement":[{"@type":"ListItem","position":1,"name":"Home","item":"https:\/\/www.vieirinox.pt\/pt-pt\/"},{"@type":"ListItem","position":2,"name":"Quest\u00f5es Legais"}]},{"@type":"WebSite","@id":"https:\/\/www.vieirinox.pt\/pt-pt\/#website","url":"https:\/\/www.vieirinox.pt\/pt-pt\/","name":"Vieirinox","description":"","publisher":{"@id":"https:\/\/www.vieirinox.pt\/pt-pt\/#organization"},"potentialAction":[{"@type":"SearchAction","target":{"@type":"EntryPoint","urlTemplate":"https:\/\/www.vieirinox.pt\/pt-pt\/?s={search_term_string}"},"query-input":{"@type":"PropertyValueSpecification","valueRequired":true,"valueName":"search_term_string"}}],"inLanguage":"pt-PT"},{"@type":"Organization","@id":"https:\/\/www.vieirinox.pt\/pt-pt\/#organization","name":"Vieirinox","url":"https:\/\/www.vieirinox.pt\/pt-pt\/","logo":{"@type":"ImageObject","inLanguage":"pt-PT","@id":"https:\/\/www.vieirinox.pt\/pt-pt\/#\/schema\/logo\/image\/","url":"https:\/\/www.vieirinox.pt\/wp-content\/uploads\/2024\/09\/logo_vieirinox.png","contentUrl":"https:\/\/www.vieirinox.pt\/wp-content\/uploads\/2024\/09\/logo_vieirinox.png","width":200,"height":200,"caption":"Vieirinox"},"image":{"@id":"https:\/\/www.vieirinox.pt\/pt-pt\/#\/schema\/logo\/image\/"},"sameAs":["https:\/\/www.facebook.com\/Vieirinox\/","https:\/\/www.instagram.com\/vieirinox.hvf","https:\/\/www.linkedin.com\/company\/vieirinox","https:\/\/www.youtube.com\/@vieirinox4600"]}]}},"_links":{"self":[{"href":"https:\/\/www.vieirinox.pt\/pt-pt\/wp-json\/wp\/v2\/pages\/3651","targetHints":{"allow":["GET"]}}],"collection":[{"href":"https:\/\/www.vieirinox.pt\/pt-pt\/wp-json\/wp\/v2\/pages"}],"about":[{"href":"https:\/\/www.vieirinox.pt\/pt-pt\/wp-json\/wp\/v2\/types\/page"}],"author":[{"embeddable":true,"href":"https:\/\/www.vieirinox.pt\/pt-pt\/wp-json\/wp\/v2\/users\/4"}],"replies":[{"embeddable":true,"href":"https:\/\/www.vieirinox.pt\/pt-pt\/wp-json\/wp\/v2\/comments?post=3651"}],"version-history":[{"count":15,"href":"https:\/\/www.vieirinox.pt\/pt-pt\/wp-json\/wp\/v2\/pages\/3651\/revisions"}],"predecessor-version":[{"id":3673,"href":"https:\/\/www.vieirinox.pt\/pt-pt\/wp-json\/wp\/v2\/pages\/3651\/revisions\/3673"}],"wp:attachment":[{"href":"https:\/\/www.vieirinox.pt\/pt-pt\/wp-json\/wp\/v2\/media?parent=3651"}],"curies":[{"name":"wp","href":"https:\/\/api.w.org\/{rel}","templated":true}]}}